{"id":26995,"date":"2022-12-24T22:05:05","date_gmt":"2022-12-24T21:05:05","guid":{"rendered":"https:\/\/www.soasy.fr\/clickandbuilds\/SOASY\/politique-de-confidentialite\/"},"modified":"2024-10-01T18:32:29","modified_gmt":"2024-10-01T17:32:29","slug":"politique-de-confidentialite","status":"publish","type":"page","link":"https:\/\/www.soasy.fr\/fr\/politique-de-confidentialite\/","title":{"rendered":"Politique de confidentialit\u00e9"},"content":{"rendered":"\t\t<div data-elementor-type=\"wp-page\" data-elementor-id=\"26995\" class=\"elementor elementor-26995 elementor-617\">\n\t\t\t\t\t\t<section class=\"elementor-section elementor-top-section elementor-element elementor-element-42bd1ce9 elementor-section-boxed elementor-section-height-default elementor-section-height-default sc_fly_static\" data-id=\"42bd1ce9\" data-element_type=\"section\" data-settings=\"{&quot;background_background&quot;:&quot;classic&quot;}\">\n\t\t\t\t\t\t<div class=\"elementor-container elementor-column-gap-extended\">\n\t\t\t\t\t<div class=\"elementor-column elementor-col-100 elementor-top-column elementor-element elementor-element-704dd232 sc_inner_width_none sc_content_align_inherit sc_layouts_column_icons_position_left sc_fly_static\" data-id=\"704dd232\" data-element_type=\"column\">\n\t\t\t<div class=\"elementor-widget-wrap elementor-element-populated\">\n\t\t\t\t\t\t<div class=\"elementor-element elementor-element-67ab59b1 sc_fly_static elementor-widget elementor-widget-text-editor\" data-id=\"67ab59b1\" data-element_type=\"widget\" data-widget_type=\"text-editor.default\">\n\t\t\t\t<div class=\"elementor-widget-container\">\n\t\t\t<style>\/*! elementor - v3.23.0 - 05-08-2024 *\/\n.elementor-widget-text-editor.elementor-drop-cap-view-stacked .elementor-drop-cap{background-color:#69727d;color:#fff}.elementor-widget-text-editor.elementor-drop-cap-view-framed .elementor-drop-cap{color:#69727d;border:3px solid;background-color:transparent}.elementor-widget-text-editor:not(.elementor-drop-cap-view-default) .elementor-drop-cap{margin-top:8px}.elementor-widget-text-editor:not(.elementor-drop-cap-view-default) .elementor-drop-cap-letter{width:1em;height:1em}.elementor-widget-text-editor .elementor-drop-cap{float:left;text-align:center;line-height:1;font-size:50px}.elementor-widget-text-editor .elementor-drop-cap-letter{display:inline-block}<\/style>\t\t\t\t<div class=\"single-privacy\">\n<h2 class=\"mt-0\">Politique de confidentialit\u00e9<\/h2>\n<p class=\"parag\">Derni\u00e8re r\u00e9vision : 11 f\u00e9vrier 2023<br>Bienvenue sur <strong>soasy.fr<\/strong><\/p>\n<p class=\"parag\">La pr\u00e9sente Politique de Confidentialit\u00e9 (\u00ab Politique \u00bb) vise \u00e0 formaliser notre engagement \u00e0 respecter la vie priv\u00e9e des utilisateurs du site <a href=\"https:\/\/www.soasy.fr\">www.soasy.fr<\/a> exploit\u00e9 par SAS (\u00ab SOASY \u00bb). Dans le cadre de la fourniture de notre Site, nous traitons vos donn\u00e9es personnelles conform\u00e9ment au R\u00e8glement G\u00e9n\u00e9ral sur la Protection des Donn\u00e9es 2016\/679 du 27 avril 2016 (\u00ab RGPD \u00bb) et comme d\u00e9crit ci-dessous. Les donn\u00e9es personnelles d\u00e9signent toute information relative \u00e0 une personne physique identifi\u00e9e ou identifiable.  <\/p>\n<p class=\"parag\">Nous collectons et traitons des donn\u00e9es \u00e0 caract\u00e8re personnel dans le cadre de la fourniture de nos Services ou de la communication \u00e0 propos de ces Services exclusivement, en stricte conformit\u00e9 avec le RGPD. Nous collectons uniquement des donn\u00e9es \u00e0 caract\u00e8re personnel ad\u00e9quates, pertinentes et limit\u00e9es \u00e0 ce qui est n\u00e9cessaire au regard des finalit\u00e9s pour lesquelles elles sont trait\u00e9es. Ainsi, il ne vous sera jamais demand\u00e9 de renseigner des donn\u00e9es \u00e0 caract\u00e8re personnel consid\u00e9r\u00e9es comme \u00ab sensibles \u00bb, telles que vos origines raciales ou ethniques, vos opinions politiques, philosophiques ou religieuses. Deux types de donn\u00e9es pourront \u00eatre collect\u00e9es : celles relatives \u00e0 une demande de contact ou d\u2019information, appel\u00e9es par la suite \u00ab INFORMATIONS \u00bb et celles relatives \u00e0 une candidature en r\u00e9ponse \u00e0 une offre ou spontan\u00e9e, appel\u00e9es \u00ab CANDIDATURE \u00bb. En vous enregistrant sur le Site, vous nous autorisez \u00e0 traiter vos donn\u00e9es \u00e0 caract\u00e8re personnel conform\u00e9ment \u00e0 la Charte. Si vous refusez les termes de cette Charte, veuillez-vous abstenir d\u2019utiliser le Site ainsi que les Services.     <\/p>\n<\/div>\n<div>\n<p>Dans quels cas collectons-nous vos donn\u00e9es \u00e0 caract\u00e8re personnel et quelles donn\u00e9es sont collect\u00e9es ?<\/p>\n<h5>1.1 Dans quels cas collectons-nous vos donn\u00e9es \u00e0 caract\u00e8re personnel ?<\/h5>\n<p class=\"parag\">Nous sommes susceptibles de recueillir et de conserver les donn\u00e9es \u00e0 caract\u00e8re personnel que vous nous transmettez, lorsque vous :<\/p>\n<ul>\n<li>nous sollicitez, via le formulaire de contact (INFORMATIONS) ;<\/li>\n<li>nous adressez un dossier de candidature, soit en r\u00e9ponse \u00e0 une offre d\u2019emploi parue sur notre site, soit de mani\u00e8re spontan\u00e9e (CANDIDATURE).<\/li>\n<\/ul>\n<h5>1.2 Donn\u00e9es personnelles collect\u00e9es via le formulaire de contact<\/h5>\n<p class=\"parag\">Afin de donner suite aux demandes effectu\u00e9es au travers du formulaire de contact nous utiliserons :<\/p>\n<ul>\n<li>Votre nom et pr\u00e9nom,<\/li>\n<li>Votre adresse email et\/ou num\u00e9ro de t\u00e9l\u00e9phone,<\/li>\n<li>et, le cas \u00e9ch\u00e9ant, le nom de votre soci\u00e9t\u00e9.<\/li>\n<\/ul>\n<h5>1.3 Donn\u00e9es personnelles collect\u00e9es dans le cadre d\u2019une candidature<\/h5>\n<p class=\"parag\">Afin d\u2019analyser au mieux les candidatures nous utiliserons :<\/p>\n<p>https:\/\/my.ionos.fr\/webhosting\/8c5a36e3-8b4c-401d-a7ef-d59f25d38d00\/webspace-explorer\/edit-file?file=privacy-policy.html&path=\/#<\/p>\n<ul>\n<li>Votre nom et pr\u00e9nom,<\/li>\n<li>Votre adresse email, postale et\/ou num\u00e9ro de t\u00e9l\u00e9phone,<\/li>\n<li>Tout document que vous nous adresserez, soit par notre site, soit ult\u00e9rieurement dans le cadre de nos discussions quant \u00e0 votre candidature (CV, Lettre de motivations, r\u00e9f\u00e9rences, dipl\u00f4mes, \u2026).<\/li>\n<\/ul>\n<h5>2. Comment prot\u00e9geons-nous vos donn\u00e9es \u00e0 caract\u00e8re personnel ?<\/h5>\n<p class=\"parag\">Nous avons mis en place des mesures de s\u00e9curit\u00e9 techniques et organisationnelles en vue de garantir la s\u00e9curit\u00e9, l\u2019int\u00e9grit\u00e9 et la confidentialit\u00e9 de toutes vos donn\u00e9es \u00e0 caract\u00e8re personnel, afin d\u2019emp\u00eacher que celles-ci soient d\u00e9form\u00e9es, endommag\u00e9es ou que des tiers non autoris\u00e9s y aient acc\u00e8s. Nous assurons un niveau de s\u00e9curit\u00e9 appropri\u00e9, compte tenu de l&rsquo;\u00e9tat des connaissances, des co\u00fbts de mise en \u0153uvre et de la nature, de la port\u00e9e, du contexte et des finalit\u00e9s du traitement ainsi que des risques et de leur probabilit\u00e9. <\/p>\n<p class=\"parag\">Toutefois, il est pr\u00e9cis\u00e9 qu\u2019aucune mesure de s\u00e9curit\u00e9 n\u2019\u00e9tant infaillible, SOASY n\u2019est pas en mesure de garantir une s\u00e9curit\u00e9 absolue \u00e0 vos donn\u00e9es \u00e0 caract\u00e8re personnel.<\/p>\n<h5>3. Dans quels cas partageons-nous vos donn\u00e9es \u00e0 caract\u00e8re personnel ?<\/h5>\n<p class=\"parag\">Nous ne partagerons jamais vos donn\u00e9es \u00e0 caract\u00e8re personnel avec des soci\u00e9t\u00e9s tierces \u00e0 des fins marketings et\/ou commerciales.<\/p>\n<h5>3.1 Partage de vos donn\u00e9es de types \u00ab INFORMATIONS \u00bb<\/h5>\n<p>Vos donn\u00e9es personnelles collect\u00e9es via le formulaire de contact ne sont pas partag\u00e9es en externe. Elles ne sont utilis\u00e9es qu\u2019en interne afin d\u2019apporter la meilleure r\u00e9ponse \u00e0 la demande formul\u00e9e sur le site. <\/p>\n<h5>3.2 Partage de vos donn\u00e9es de types \u00ab CANDIDATURE \u00bb<\/h5>\n<p class=\"parag\">Les donn\u00e9es \u00e0 caract\u00e8re personnel que vous nous envoyez via notre site seront trait\u00e9es en interne par nos services comp\u00e9tents (RH et Op\u00e9rations).<\/p>\n<h5>3.3 Partage avec les autorit\u00e9s<\/h5>\n<p class=\"parag\">Nous pouvons \u00eatre amen\u00e9s \u00e0 divulguer vos donn\u00e9es \u00e0 caract\u00e8re personnel aux autorit\u00e9s administrative ou judiciaire lorsque leur divulgation est n\u00e9cessaire \u00e0 l&rsquo;identification, l&rsquo;interpellation ou la poursuite en justice de tout individu susceptible de porter pr\u00e9judice \u00e0 nos droits, de tout autre utilisateur ou d\u2019un tiers. Nous pouvons enfin \u00eatre l\u00e9galement tenu de divulguer vos donn\u00e9es \u00e0 caract\u00e8re personnel et ne pouvons dans ce cas nous y opposer. <\/p>\n<h5>4. Combien de temps conservons-nous vos donn\u00e9es \u00e0 caract\u00e8re personnel ?<\/h5>\n<p class=\"parag\">Nous conservons vos donn\u00e9es personnelles pendant la dur\u00e9e n\u00e9cessaire au traitement de votre demande ou de votre candidature. Cette dur\u00e9e ne pourra d\u00e9passer 12 mois. A l\u2019issue de ce d\u00e9lai vos donn\u00e9es personnelles seront supprim\u00e9es de notre syst\u00e8me d\u2019informations. Au besoin une demande d\u2019utilisation pour 12 mois suppl\u00e9mentaires pourra vous \u00eatre faite.   <\/p>\n<h5>5. Quels sont vos droits ?<\/h5>\n<p class=\"parag\">Vous \u00eates seul \u00e0 nous avoir communiqu\u00e9 les donn\u00e9es en notre possession, par l\u2019interm\u00e9diaire du Site. Vous disposez de droits sur vos donn\u00e9es \u00e0 caract\u00e8re personnel. Conform\u00e9ment \u00e0 la r\u00e9glementation en mati\u00e8re de protection des donn\u00e9es \u00e0 caract\u00e8re personnel, notamment les articles 15 \u00e0 22 du RGPD, et apr\u00e8s avoir justifi\u00e9 de votre identit\u00e9, vous avez le droit de nous demander l&rsquo;acc\u00e8s aux donn\u00e9es \u00e0 caract\u00e8re personnel vous concernant, la rectification ou l&rsquo;effacement de celles-ci.  <\/p>\n<p class=\"parag\">En outre, dans les limites pos\u00e9es par la loi, vous disposez \u00e9galement du droit de vous opposer au traitement, de le limiter, de d\u00e9cider du sort de vos donn\u00e9es, de retirer votre consentement \u00e0 tout moment et du droit \u00e0 la portabilit\u00e9 des donn\u00e9es \u00e0 caract\u00e8re personnel fournies.<\/p>\n<h5>6. Pouvons-nous modifier la Charte ?<\/h5>\n<p class=\"parag\">Nous nous r\u00e9servons le droit de modifier la Charte \u00e0 tout moment. Il est vous est donc recommand\u00e9 de la consulter r\u00e9guli\u00e8rement. En cas de modification, nous publierons ces changements sur cette page et aux endroits que nous jugerons appropri\u00e9s en fonction de l\u2019objet et de l\u2019importance des changements apport\u00e9s.  <\/p>\n<p class=\"parag\">Votre utilisation du Site apr\u00e8s toute modification signifie que vous acceptez ces modifications. Si vous n&rsquo;acceptez pas certaines modifications substantielles apport\u00e9es \u00e0 la pr\u00e9sente Charte, vous devez arr\u00eater d&rsquo;utiliser le Site. <\/p>\n<h5>7. D\u00e9l\u00e9gu\u00e9 \u00e0 la Protection des Donn\u00e9es et contact<\/h5>\n<p class=\"parag\">SOASY SAS a d\u00e9sign\u00e9 un D\u00e9l\u00e9gu\u00e9 \u00e0 la Protection des Donn\u00e9es (DPO) aupr\u00e8s de la CNIL (D\u00e9signation N\u00b0 DPO-1777). Les coordonn\u00e9es de notre D\u00e9l\u00e9gu\u00e9 \u00e0 la Protection des Donn\u00e9es sont les suivantes: <\/p>\n<p>H\u00e9di Ben Abbes &#8211; SOASY<br>Adresse : Immeuble Carthag\u00e8ne, Rue Mohamed Badra, Montplaisir 1073 Tunis, Tunisie<br>T\u00e9l :(+33) 9 55 81 20 13 \/ (+216) 98 355 101<br>Email : <a href=\"mailto:Hedi.benabbes@soasy.fr\">Hedi.benabbes@soasy.fr<\/a><\/p>\n<p>Pour toute question concernant vos donn\u00e9es \u00e0 caract\u00e8re personnel merci de nous contacter \u00e0 l\u2019adresse suivante : Delta Center, 15 chemin de la crabe 31300 Toulouse (en indiquant \u00ab\u00a0Vie Priv\u00e9e &#8211; Protection des Donn\u00e9es\u00a0\u00bb), ou par email \u00e0 <a href=\"https:\/\/www.soasy.fr\/en\/contact@soasy.fr\">contact@soasy.fr<\/a>.<\/p>\n<h5>8. La Commission Nationale de l&rsquo;Informatique et des Libert\u00e9s (\u00ab\u00a0CNIL\u00a0\u00bb)<\/h5>\n<p class=\"parag\">SOASY a proc\u00e9d\u00e9 aux formalit\u00e9s pr\u00e9alables impos\u00e9es par la loi Informatique et Libert\u00e9s aupr\u00e8s de la CNIL. La collecte et le traitement informatique des donn\u00e9es nominatives a fait l&rsquo;objet d&rsquo;une d\u00e9claration simplifi\u00e9e. SOASY vous rappelle que vous pouvez contacter la CNIL directement sur le site internet de la CNIL ou par courrier \u00e0 l\u2019adresse suivante : Commission Nationale de l&rsquo;Informatique et des Libert\u00e9s (CNIL), 3 Place de Fontenoy &#8211; TSA 80715, 75334 PARIS CEDEX 07.  <\/p>\n<h6>F\u00e9vrier 2023.<\/h6>\n<\/div>\t\t\t\t\t\t<\/div>\n\t\t\t\t<\/div>\n\t\t\t\t\t<\/div>\n\t\t<\/div>\n\t\t\t\t\t<\/div>\n\t\t<\/section>\n\t\t\t\t<\/div>\n\t\t","protected":false},"excerpt":{"rendered":"<p>Politique de confidentialit\u00e9 Derni\u00e8re r\u00e9vision : 11 f\u00e9vrier 2023Bienvenue sur soasy.fr La pr\u00e9sente Politique de Confidentialit\u00e9 (\u00ab Politique \u00bb) vise \u00e0 formaliser notre engagement \u00e0 respecter la vie priv\u00e9e des&hellip;<\/p>\n","protected":false},"author":1,"featured_media":0,"parent":0,"menu_order":0,"comment_status":"closed","ping_status":"closed","template":"","meta":{"footnotes":""},"class_list":["post-26995","page","type-page","status-publish","hentry"],"_links":{"self":[{"href":"https:\/\/www.soasy.fr\/fr\/wp-json\/wp\/v2\/pages\/26995","targetHints":{"allow":["GET"]}}],"collection":[{"href":"https:\/\/www.soasy.fr\/fr\/wp-json\/wp\/v2\/pages"}],"about":[{"href":"https:\/\/www.soasy.fr\/fr\/wp-json\/wp\/v2\/types\/page"}],"author":[{"embeddable":true,"href":"https:\/\/www.soasy.fr\/fr\/wp-json\/wp\/v2\/users\/1"}],"replies":[{"embeddable":true,"href":"https:\/\/www.soasy.fr\/fr\/wp-json\/wp\/v2\/comments?post=26995"}],"version-history":[{"count":0,"href":"https:\/\/www.soasy.fr\/fr\/wp-json\/wp\/v2\/pages\/26995\/revisions"}],"wp:attachment":[{"href":"https:\/\/www.soasy.fr\/fr\/wp-json\/wp\/v2\/media?parent=26995"}],"curies":[{"name":"wp","href":"https:\/\/api.w.org\/{rel}","templated":true}]}}