{"id":26010,"date":"2024-09-18T11:56:28","date_gmt":"2024-09-18T10:56:28","guid":{"rendered":"https:\/\/www.soasy.fr\/clickandbuilds\/SOASY\/ia-et-transformation-numerique\/"},"modified":"2025-05-26T12:58:45","modified_gmt":"2025-05-26T11:58:45","slug":"ia-et-transformation-numerique","status":"publish","type":"page","link":"https:\/\/www.soasy.fr\/fr\/ia-et-transformation-numerique\/","title":{"rendered":"IA et Transformation"},"content":{"rendered":"\t\t<div data-elementor-type=\"wp-page\" data-elementor-id=\"26010\" class=\"elementor elementor-26010 elementor-22792\">\n\t\t\t\t\t\t<section class=\"elementor-section elementor-top-section elementor-element elementor-element-2c863b65 elementor-section-boxed elementor-section-height-default elementor-section-height-default sc_fly_static\" data-id=\"2c863b65\" data-element_type=\"section\">\n\t\t\t\t\t\t<div class=\"elementor-container elementor-column-gap-extended\">\n\t\t\t\t\t<div class=\"elementor-column elementor-col-100 elementor-top-column elementor-element elementor-element-6f7282b8 sc_inner_width_none sc_content_align_inherit sc_layouts_column_icons_position_left sc_fly_static\" data-id=\"6f7282b8\" data-element_type=\"column\">\n\t\t\t<div class=\"elementor-widget-wrap elementor-element-populated\">\n\t\t\t\t\t\t<div class=\"elementor-element elementor-element-757e267b elementor-sticky sc_fly_static elementor-widget elementor-widget-text-editor\" data-id=\"757e267b\" data-element_type=\"widget\" data-settings=\"{&quot;_position&quot;:&quot;sticky&quot;}\" data-widget_type=\"text-editor.default\">\n\t\t\t\t<div class=\"elementor-widget-container\">\n\t\t\t<style>\/*! elementor - v3.23.0 - 05-08-2024 *\/\n.elementor-widget-text-editor.elementor-drop-cap-view-stacked .elementor-drop-cap{background-color:#69727d;color:#fff}.elementor-widget-text-editor.elementor-drop-cap-view-framed .elementor-drop-cap{color:#69727d;border:3px solid;background-color:transparent}.elementor-widget-text-editor:not(.elementor-drop-cap-view-default) .elementor-drop-cap{margin-top:8px}.elementor-widget-text-editor:not(.elementor-drop-cap-view-default) .elementor-drop-cap-letter{width:1em;height:1em}.elementor-widget-text-editor .elementor-drop-cap{float:left;text-align:center;line-height:1;font-size:50px}.elementor-widget-text-editor .elementor-drop-cap-letter{display:inline-block}<\/style>\t\t\t\t<h2>D\u00e9verrouillez le pouvoir de l&rsquo;IA et de la transformation num\u00e9rique<\/h2><p>Chez <strong>SOASY<\/strong>, nous comprenons que chaque entreprise est unique. Notre approche de l&rsquo;IA et de la transformation num\u00e9rique est adapt\u00e9e pour r\u00e9pondre \u00e0 vos besoins sp\u00e9cifiques. Que vous souhaitiez optimiser vos processus, am\u00e9liorer l&rsquo;exp\u00e9rience client ou exploiter l&rsquo;analyse de donn\u00e9es, notre \u00e9quipe d&rsquo;experts d\u00e9di\u00e9e travaille en \u00e9troite collaboration avec vous pour d\u00e9velopper des solutions personnalis\u00e9es qui s&rsquo;alignent sur votre vision strat\u00e9gique.<\/p>\t\t\t\t\t\t<\/div>\n\t\t\t\t<\/div>\n\t\t\t\t\t<\/div>\n\t\t<\/div>\n\t\t\t\t\t<\/div>\n\t\t<\/section>\n\t\t\t\t<section class=\"elementor-section elementor-top-section elementor-element elementor-element-8348f12 elementor-section-boxed elementor-section-height-default elementor-section-height-default sc_fly_static\" data-id=\"8348f12\" data-element_type=\"section\">\n\t\t\t\t\t\t<div class=\"elementor-container elementor-column-gap-extended\">\n\t\t\t\t\t<div class=\"elementor-column elementor-col-100 elementor-top-column elementor-element elementor-element-93af14a sc_inner_width_none sc_content_align_inherit sc_layouts_column_icons_position_left sc_fly_static\" data-id=\"93af14a\" data-element_type=\"column\">\n\t\t\t<div class=\"elementor-widget-wrap elementor-element-populated\">\n\t\t\t\t\t\t<div class=\"elementor-element elementor-element-072a745 sc_fly_static elementor-widget elementor-widget-spacer\" data-id=\"072a745\" data-element_type=\"widget\" data-widget_type=\"spacer.default\">\n\t\t\t\t<div class=\"elementor-widget-container\">\n\t\t\t<style>\/*! elementor - v3.23.0 - 05-08-2024 *\/\n.elementor-column .elementor-spacer-inner{height:var(--spacer-size)}.e-con{--container-widget-width:100%}.e-con-inner>.elementor-widget-spacer,.e-con>.elementor-widget-spacer{width:var(--container-widget-width,var(--spacer-size));--align-self:var(--container-widget-align-self,initial);--flex-shrink:0}.e-con-inner>.elementor-widget-spacer>.elementor-widget-container,.e-con>.elementor-widget-spacer>.elementor-widget-container{height:100%;width:100%}.e-con-inner>.elementor-widget-spacer>.elementor-widget-container>.elementor-spacer,.e-con>.elementor-widget-spacer>.elementor-widget-container>.elementor-spacer{height:100%}.e-con-inner>.elementor-widget-spacer>.elementor-widget-container>.elementor-spacer>.elementor-spacer-inner,.e-con>.elementor-widget-spacer>.elementor-widget-container>.elementor-spacer>.elementor-spacer-inner{height:var(--container-widget-height,var(--spacer-size))}.e-con-inner>.elementor-widget-spacer.elementor-widget-empty,.e-con>.elementor-widget-spacer.elementor-widget-empty{position:relative;min-height:22px;min-width:22px}.e-con-inner>.elementor-widget-spacer.elementor-widget-empty .elementor-widget-empty-icon,.e-con>.elementor-widget-spacer.elementor-widget-empty .elementor-widget-empty-icon{position:absolute;top:0;bottom:0;left:0;right:0;margin:auto;padding:0;width:22px;height:22px}<\/style>\t\t<div class=\"elementor-spacer\">\n\t\t\t<div class=\"elementor-spacer-inner\"><\/div>\n\t\t<\/div>\n\t\t\t\t<\/div>\n\t\t\t\t<\/div>\n\t\t\t\t\t<\/div>\n\t\t<\/div>\n\t\t\t\t\t<\/div>\n\t\t<\/section>\n\t\t\t\t<section class=\"elementor-section elementor-top-section elementor-element elementor-element-8666894 elementor-section-boxed elementor-section-height-default elementor-section-height-default sc_fly_static\" data-id=\"8666894\" data-element_type=\"section\">\n\t\t\t\t\t\t<div class=\"elementor-container elementor-column-gap-extended\">\n\t\t\t\t\t<div class=\"elementor-column elementor-col-100 elementor-top-column elementor-element elementor-element-cf52608 sc_inner_width_none sc_content_align_inherit sc_layouts_column_icons_position_left sc_fly_static\" data-id=\"cf52608\" data-element_type=\"column\">\n\t\t\t<div class=\"elementor-widget-wrap elementor-element-populated\">\n\t\t\t\t\t\t<div class=\"elementor-element elementor-element-fec5073 sc_fly_static elementor-widget elementor-widget-text-editor\" data-id=\"fec5073\" data-element_type=\"widget\" data-widget_type=\"text-editor.default\">\n\t\t\t\t<div class=\"elementor-widget-container\">\n\t\t\t\t\t\t\t<h4>Solutions aliment\u00e9es par l&rsquo;IA<\/h4>\t\t\t\t\t\t<\/div>\n\t\t\t\t<\/div>\n\t\t\t\t<div class=\"elementor-element elementor-element-9ae9bb5 scheme_grassy_default sc_fly_static elementor-widget elementor-widget-text-editor\" data-id=\"9ae9bb5\" data-element_type=\"widget\" data-widget_type=\"text-editor.default\">\n\t\t\t\t<div class=\"elementor-widget-container\">\n\t\t\t\t\t\t\t<div><br><\/div><ul class=\"trx_addons_list_dot\">\n\n<li><span dir=\"ltr\">Analyse pr\u00e9dictive : En utilisant des algorithmes d&rsquo;apprentissage automatique, nous transformons vos donn\u00e9es en informations pr\u00e9cieuses, vous aidant \u00e0 prendre des d\u00e9cisions \u00e9clair\u00e9es qui favorisent le succ\u00e8s de votre entreprise.<\/span><\/li>\n<li>Chatbots et assistants virtuels : Am\u00e9liorez votre service client avec des chatbots aliment\u00e9s par l&rsquo;IA qui fournissent des r\u00e9ponses imm\u00e9diates aux demandes, am\u00e9liorant ainsi la satisfaction client et l&rsquo;efficacit\u00e9 op\u00e9rationnelle.<\/li>\n<\/ul>\t\t\t\t\t\t<\/div>\n\t\t\t\t<\/div>\n\t\t\t\t\t<\/div>\n\t\t<\/div>\n\t\t\t\t\t<\/div>\n\t\t<\/section>\n\t\t\t\t<section class=\"elementor-section elementor-top-section elementor-element elementor-element-8b7b648 elementor-section-boxed elementor-section-height-default elementor-section-height-default sc_fly_static\" data-id=\"8b7b648\" data-element_type=\"section\">\n\t\t\t\t\t\t<div class=\"elementor-container elementor-column-gap-extended\">\n\t\t\t\t\t<div class=\"elementor-column elementor-col-100 elementor-top-column elementor-element elementor-element-4410c5b sc_inner_width_none sc_content_align_inherit sc_layouts_column_icons_position_left sc_fly_static\" data-id=\"4410c5b\" data-element_type=\"column\">\n\t\t\t<div class=\"elementor-widget-wrap elementor-element-populated\">\n\t\t\t\t\t\t<div class=\"elementor-element elementor-element-234981e sc_fly_static elementor-widget elementor-widget-spacer\" data-id=\"234981e\" data-element_type=\"widget\" data-widget_type=\"spacer.default\">\n\t\t\t\t<div class=\"elementor-widget-container\">\n\t\t\t\t\t<div class=\"elementor-spacer\">\n\t\t\t<div class=\"elementor-spacer-inner\"><\/div>\n\t\t<\/div>\n\t\t\t\t<\/div>\n\t\t\t\t<\/div>\n\t\t\t\t\t<\/div>\n\t\t<\/div>\n\t\t\t\t\t<\/div>\n\t\t<\/section>\n\t\t\t\t<section class=\"elementor-section elementor-top-section elementor-element elementor-element-85fedd9 elementor-section-boxed elementor-section-height-default elementor-section-height-default sc_fly_static\" data-id=\"85fedd9\" data-element_type=\"section\">\n\t\t\t\t\t\t<div class=\"elementor-container elementor-column-gap-extended\">\n\t\t\t\t\t<div class=\"elementor-column elementor-col-100 elementor-top-column elementor-element elementor-element-e33b3d9 sc_inner_width_none sc_content_align_inherit sc_layouts_column_icons_position_left sc_fly_static\" data-id=\"e33b3d9\" data-element_type=\"column\">\n\t\t\t<div class=\"elementor-widget-wrap elementor-element-populated\">\n\t\t\t\t\t\t<div class=\"elementor-element elementor-element-e155fb3 sc_fly_static elementor-widget elementor-widget-text-editor\" data-id=\"e155fb3\" data-element_type=\"widget\" data-widget_type=\"text-editor.default\">\n\t\t\t\t<div class=\"elementor-widget-container\">\n\t\t\t\t\t\t\t<h2 style=\"text-align: left;\"><span style=\"background-color: transparent; color: var(--theme-color-text_dark); font-family: 'Plus Jakarta Sans', sans-serif; font-size: 28px; font-style: normal; letter-spacing: -1px;\">Expertise en transformation num\u00e9rique<\/span><\/h2>\t\t\t\t\t\t<\/div>\n\t\t\t\t<\/div>\n\t\t\t\t<div class=\"elementor-element elementor-element-088ada2 scheme_grassy_default sc_fly_static elementor-widget elementor-widget-text-editor\" data-id=\"088ada2\" data-element_type=\"widget\" data-widget_type=\"text-editor.default\">\n\t\t\t\t<div class=\"elementor-widget-container\">\n\t\t\t\t\t\t\t<div>\u00a0<\/div><ul class=\"trx_addons_list_dot\"><li>Mise en \u0153uvre de solutions num\u00e9riques : Des services Cloud aux plateformes de commerce \u00e9lectronique, nous d\u00e9ployons les outils appropri\u00e9s pour r\u00e9pondre aux besoins de votre organisation<\/li><li><span dir=\"ltr\">\u00c9valuation de votre maturit\u00e9 num\u00e9rique : Nous analysons vos capacit\u00e9s num\u00e9riques actuelles pour identifier les opportunit\u00e9s d&rsquo;am\u00e9lioration et de croissance.<\/span><\/li><\/ul>\t\t\t\t\t\t<\/div>\n\t\t\t\t<\/div>\n\t\t\t\t\t<\/div>\n\t\t<\/div>\n\t\t\t\t\t<\/div>\n\t\t<\/section>\n\t\t\t\t<\/div>\n\t\t","protected":false},"excerpt":{"rendered":"<p>D\u00e9verrouillez le pouvoir de l&rsquo;IA et de la transformation num\u00e9rique Chez SOASY, nous comprenons que chaque entreprise est unique. Notre approche de l&rsquo;IA et de la transformation num\u00e9rique est adapt\u00e9e&hellip;<\/p>\n","protected":false},"author":1,"featured_media":0,"parent":0,"menu_order":0,"comment_status":"closed","ping_status":"closed","template":"","meta":{"footnotes":""},"class_list":["post-26010","page","type-page","status-publish","hentry"],"_links":{"self":[{"href":"https:\/\/www.soasy.fr\/fr\/wp-json\/wp\/v2\/pages\/26010","targetHints":{"allow":["GET"]}}],"collection":[{"href":"https:\/\/www.soasy.fr\/fr\/wp-json\/wp\/v2\/pages"}],"about":[{"href":"https:\/\/www.soasy.fr\/fr\/wp-json\/wp\/v2\/types\/page"}],"author":[{"embeddable":true,"href":"https:\/\/www.soasy.fr\/fr\/wp-json\/wp\/v2\/users\/1"}],"replies":[{"embeddable":true,"href":"https:\/\/www.soasy.fr\/fr\/wp-json\/wp\/v2\/comments?post=26010"}],"version-history":[{"count":13,"href":"https:\/\/www.soasy.fr\/fr\/wp-json\/wp\/v2\/pages\/26010\/revisions"}],"predecessor-version":[{"id":27860,"href":"https:\/\/www.soasy.fr\/fr\/wp-json\/wp\/v2\/pages\/26010\/revisions\/27860"}],"wp:attachment":[{"href":"https:\/\/www.soasy.fr\/fr\/wp-json\/wp\/v2\/media?parent=26010"}],"curies":[{"name":"wp","href":"https:\/\/api.w.org\/{rel}","templated":true}]}}