{"id":26006,"date":"2024-09-19T11:38:46","date_gmt":"2024-09-19T10:38:46","guid":{"rendered":"https:\/\/www.soasy.fr\/clickandbuilds\/SOASY\/developpement-de-logiciels\/"},"modified":"2024-09-30T14:08:30","modified_gmt":"2024-09-30T13:08:30","slug":"developpement-de-logiciels","status":"publish","type":"page","link":"https:\/\/www.soasy.fr\/fr\/developpement-de-logiciels\/","title":{"rendered":"D\u00e9veloppement logiciel"},"content":{"rendered":"\t\t<div data-elementor-type=\"wp-page\" data-elementor-id=\"26006\" class=\"elementor elementor-26006 elementor-23097\">\n\t\t\t\t\t\t<section class=\"elementor-section elementor-top-section elementor-element elementor-element-2671afbf elementor-section-boxed elementor-section-height-default elementor-section-height-default sc_fly_static\" data-id=\"2671afbf\" data-element_type=\"section\">\n\t\t\t\t\t\t<div class=\"elementor-container elementor-column-gap-extended\">\n\t\t\t\t\t<div class=\"elementor-column elementor-col-100 elementor-top-column elementor-element elementor-element-29117b0 sc_inner_width_none sc_content_align_inherit sc_layouts_column_icons_position_left sc_fly_static\" data-id=\"29117b0\" data-element_type=\"column\">\n\t\t\t<div class=\"elementor-widget-wrap elementor-element-populated\">\n\t\t\t\t\t\t<div class=\"elementor-element elementor-element-198cbc19 sc_fly_static elementor-widget elementor-widget-text-editor\" data-id=\"198cbc19\" data-element_type=\"widget\" data-widget_type=\"text-editor.default\">\n\t\t\t\t<div class=\"elementor-widget-container\">\n\t\t\t<style>\/*! elementor - v3.23.0 - 05-08-2024 *\/\n.elementor-widget-text-editor.elementor-drop-cap-view-stacked .elementor-drop-cap{background-color:#69727d;color:#fff}.elementor-widget-text-editor.elementor-drop-cap-view-framed .elementor-drop-cap{color:#69727d;border:3px solid;background-color:transparent}.elementor-widget-text-editor:not(.elementor-drop-cap-view-default) .elementor-drop-cap{margin-top:8px}.elementor-widget-text-editor:not(.elementor-drop-cap-view-default) .elementor-drop-cap-letter{width:1em;height:1em}.elementor-widget-text-editor .elementor-drop-cap{float:left;text-align:center;line-height:1;font-size:50px}.elementor-widget-text-editor .elementor-drop-cap-letter{display:inline-block}<\/style>\t\t\t\t<h2><strong>Des solutions sur-mesure pour la croissance de votre entreprise uniquement<\/strong><\/h2>\n<h3><strong>D\u00e9veloppement logiciel personnalis\u00e9 pour d\u00e9velopper votre entreprise<\/strong><\/h3>\n<p>Nous sommes sp\u00e9cialistes dans les solutions de d\u00e9veloppement logiciel sp\u00e9cifique permettant aux entreprises d\u2019atteindre leurs propres objectifs. Notre \u00e9quipe d\u2019experts s\u2019engage \u00e0 concevoir des solutions de d\u00e9veloppement personnalis\u00e9es \u00e0 m\u00eame d\u2019am\u00e9liorer l\u2019efficacit\u00e9, de rationaliser les proc\u00e9d\u00e9s et d\u2019optimiser vos avantages comparatifs.<\/p>\n<h3><strong>Des services de d\u00e9veloppement&nbsp; de bout-en-bout<\/strong><\/h3>\n<p>Chez SOASY, nous comprenons que chaque entreprise est unique, avec ses propres d\u00e9fis et exigences. Nos services de d\u00e9veloppement logiciels, prennent en compte le cycle de vie du d\u00e9veloppement logiciels dans son int\u00e9gralit\u00e9 (SDLC), \u00e0 partir de l\u2019id\u00e9ation et de la collecte des sp\u00e9cifications jusqu\u2019au design, le d\u00e9veloppement, le testing et le d\u00e9ploiement.<\/p>\n<h3><strong>Un soin particulier accord\u00e9 \u00e0 la personnalisation et \u00e0 la flexibilit\u00e9<\/strong><\/h3>\n<p>Que vous ayez besoin d\u2019applications web personnalis\u00e9es, de solutions mobiles, ou de syst\u00e8mes logiciels d\u2019entreprise, nos d\u00e9veloppeurs exp\u00e9riment\u00e9s, utilisent les technologies et les techniques de d\u00e9veloppement les plus r\u00e9centes et les plus performantes pour cr\u00e9er des applications tr\u00e8s pratiques et faciles \u00e0 utiliser qui refl\u00e8tent l\u2019identit\u00e9 et la vision de votre marque.<\/p>\n<h3><strong>Scalabilit\u00e9 au service du d\u00e9veloppement de votre entreprise<\/strong><\/h3>\n<p>Nous int\u00e9grons des architectures modulables qui permettent d\u2019ajouter de mani\u00e8re fluide des fonctionnalit\u00e9s et des int\u00e9grations nouvelles, permettant \u00e0 votre logiciel de s\u2019adapter aux \u00e9volutions de votre environnement professionnel sans discontinuit\u00e9 et sans incidents.<\/p>\n<h3><strong>Support et maintenance en continu<\/strong><\/h3>\n<p>Notre engagement pour votre r\u00e9ussite ne se termine pas \u00e0 la phase de d\u00e9ploiement. Chez SOASY, nous proposons des services de support et de maintenance en continu pour s\u2019assurer que votre logiciel reste op\u00e9rationnel et mis \u00e0 jour et continuer ainsi \u00e0 s\u2019adapter \u00e0 l\u2019\u00e9volution de vos besoins. Qu\u2019il s\u2019agisse de mise \u00e0 jour de logiciel, de d\u00e9pannage, ou de formation, notre \u00e9quipe est toujours \u00e0 votre disposition pour vous aider.<\/p>\n<h3><strong>Innover votre structure pour anticiper l\u2019avenir<\/strong><\/h3>\n<p>Notre \u00e9quipe de d\u00e9veloppeurs logiciels est dispos\u00e9e \u00e0 d\u00e9ployer les meilleures technologies, y compris les plateformes Cloud, micro-services et intelligence artificielle, pour pr\u00e9server vos applications \u00e0 l\u2019\u00e9preuve du temps.<\/p>\t\t\t\t\t\t<\/div>\n\t\t\t\t<\/div>\n\t\t\t\t\t<\/div>\n\t\t<\/div>\n\t\t\t\t\t<\/div>\n\t\t<\/section>\n\t\t\t\t<\/div>\n\t\t","protected":false},"excerpt":{"rendered":"<p>Des solutions sur-mesure pour la croissance de votre entreprise uniquement D\u00e9veloppement logiciel personnalis\u00e9 pour d\u00e9velopper votre entreprise Nous sommes sp\u00e9cialistes dans les solutions de d\u00e9veloppement logiciel sp\u00e9cifique permettant aux entreprises&hellip;<\/p>\n","protected":false},"author":1,"featured_media":0,"parent":0,"menu_order":0,"comment_status":"closed","ping_status":"closed","template":"","meta":{"footnotes":""},"class_list":["post-26006","page","type-page","status-publish","hentry"],"_links":{"self":[{"href":"https:\/\/www.soasy.fr\/fr\/wp-json\/wp\/v2\/pages\/26006","targetHints":{"allow":["GET"]}}],"collection":[{"href":"https:\/\/www.soasy.fr\/fr\/wp-json\/wp\/v2\/pages"}],"about":[{"href":"https:\/\/www.soasy.fr\/fr\/wp-json\/wp\/v2\/types\/page"}],"author":[{"embeddable":true,"href":"https:\/\/www.soasy.fr\/fr\/wp-json\/wp\/v2\/users\/1"}],"replies":[{"embeddable":true,"href":"https:\/\/www.soasy.fr\/fr\/wp-json\/wp\/v2\/comments?post=26006"}],"version-history":[{"count":0,"href":"https:\/\/www.soasy.fr\/fr\/wp-json\/wp\/v2\/pages\/26006\/revisions"}],"wp:attachment":[{"href":"https:\/\/www.soasy.fr\/fr\/wp-json\/wp\/v2\/media?parent=26006"}],"curies":[{"name":"wp","href":"https:\/\/api.w.org\/{rel}","templated":true}]}}