{"id":25835,"date":"2024-09-19T11:43:21","date_gmt":"2024-09-19T10:43:21","guid":{"rendered":"https:\/\/www.soasy.fr\/clickandbuilds\/SOASY\/conception-ux-ui\/"},"modified":"2024-09-30T14:16:07","modified_gmt":"2024-09-30T13:16:07","slug":"conception-ux-ui","status":"publish","type":"page","link":"https:\/\/www.soasy.fr\/fr\/conception-ux-ui\/","title":{"rendered":"Conception UX\/UI"},"content":{"rendered":"\t\t<div data-elementor-type=\"wp-page\" data-elementor-id=\"25835\" class=\"elementor elementor-25835 elementor-23105\">\n\t\t\t\t\t\t<section class=\"elementor-section elementor-top-section elementor-element elementor-element-2c863b65 elementor-section-boxed elementor-section-height-default elementor-section-height-default sc_fly_static\" data-id=\"2c863b65\" data-element_type=\"section\">\n\t\t\t\t\t\t<div class=\"elementor-container elementor-column-gap-extended\">\n\t\t\t\t\t<div class=\"elementor-column elementor-col-100 elementor-top-column elementor-element elementor-element-6f7282b8 sc_inner_width_none sc_content_align_inherit sc_layouts_column_icons_position_left sc_fly_static\" data-id=\"6f7282b8\" data-element_type=\"column\">\n\t\t\t<div class=\"elementor-widget-wrap elementor-element-populated\">\n\t\t\t\t\t\t<div class=\"elementor-element elementor-element-757e267b sc_fly_static elementor-widget elementor-widget-text-editor\" data-id=\"757e267b\" data-element_type=\"widget\" data-widget_type=\"text-editor.default\">\n\t\t\t\t<div class=\"elementor-widget-container\">\n\t\t\t<style>\/*! elementor - v3.23.0 - 05-08-2024 *\/\n.elementor-widget-text-editor.elementor-drop-cap-view-stacked .elementor-drop-cap{background-color:#69727d;color:#fff}.elementor-widget-text-editor.elementor-drop-cap-view-framed .elementor-drop-cap{color:#69727d;border:3px solid;background-color:transparent}.elementor-widget-text-editor:not(.elementor-drop-cap-view-default) .elementor-drop-cap{margin-top:8px}.elementor-widget-text-editor:not(.elementor-drop-cap-view-default) .elementor-drop-cap-letter{width:1em;height:1em}.elementor-widget-text-editor .elementor-drop-cap{float:left;text-align:center;line-height:1;font-size:50px}.elementor-widget-text-editor .elementor-drop-cap-letter{display:inline-block}<\/style>\t\t\t\t<div class=\"_chat-messages_ybums_17\">\n<div class=\"_chat-messages__inner_ybums_20\">\n<div class=\"_message-item_tj7m6_1\">\n<div class=\"_message-item__content_tj7m6_9\">\n<div class=\"_message-content_3ffle_2 _message-content--markdown_3ffle_20\">\n<h2><strong>Combiner des Exp\u00e9riences d\u2019Utilisateurs&nbsp; avec un UX\/UI Design<\/strong><\/h2>\n<h3><strong>D\u00e9velopper Votre Varque avec des solutions design UX\/UI sur-mesure<\/strong><\/h3>\n<p>Notre \u00e9quipe d\u2019experts con\u00e7oit des solutions qui sont \u00e0 la fois styl\u00e9es et apportent une exp\u00e9rience d\u2019utilisateur intuitive, s\u2019assurant que vos utilisateurs soient en symbiose avec votre marque \u00e0 tous les points de contact.<\/p>\n<h3><strong>Recherche et Strat\u00e9gie UX&nbsp;<\/strong><\/h3>\n<p>En utilisant des techniques telles que les interviews, les enqu\u00eates et les tests d\u2019utilisateurs, nous r\u00e9coltons de pr\u00e9cieux retours d\u2019exp\u00e9riences que nous mettons au service de notre approche strat\u00e9gique. Notre but est de cr\u00e9er des designs qui r\u00e9pondent non seulement aux objectifs de l\u2019entreprise mais tiennent compte aussi des besoins des utilisateurs.<\/p>\n<h3><strong>Un Design UI Intuitif et Esth\u00e9tique <\/strong><\/h3>\n<p>Une fois nous avons une compr\u00e9hension profonde de vos utilisateurs, nous nous concentrons sur la cr\u00e9ation d\u2019interfaces \u00e0 la fois intuitives et visuellement agr\u00e9able. Chaque \u00e9l\u00e9ment du design est envisag\u00e9 de mani\u00e8re r\u00e9fl\u00e9chie, de la typographie et les codes couleurs aux emplacements des boutons et des \u00e9l\u00e9ments interactifs, garantissant \u00e0 l\u2019utilisateur de vivre une exp\u00e9rience \u00e0 la fois coh\u00e9rente et agr\u00e9able refl\u00e9tant l\u2019identit\u00e9 de votre marque.<\/p>\n<h3><strong>Testing convivial et Design It\u00e9ratif<\/strong><\/h3>\n<p>Une fois les prototypes de design initiaux d\u00e9velopp\u00e9s, nous menons des sessions de testing de convivialit\u00e9 pour collecter les retours d\u2019utilisateurs. Cette approche it\u00e9rative, permet d\u2019affiner le design et d&rsquo;introduire les ajustements n\u00e9cessaires avant le d\u00e9ploiement final.<\/p>\n<h3>&nbsp;<strong>D\u00e9livrer des Designs pour produire un Impact<\/strong><\/h3>\n<p>Nous mettons le soin n\u00e9cessaire \u00e0 concevoir des designs qui font vivre les utilisateurs une navigation fluide et agr\u00e9able.<\/p>\n<\/div>\n<\/div>\n<\/div>\n<\/div>\n<\/div>\t\t\t\t\t\t<\/div>\n\t\t\t\t<\/div>\n\t\t\t\t\t<\/div>\n\t\t<\/div>\n\t\t\t\t\t<\/div>\n\t\t<\/section>\n\t\t\t\t<\/div>\n\t\t","protected":false},"excerpt":{"rendered":"<p>Combiner des Exp\u00e9riences d\u2019Utilisateurs&nbsp; avec un UX\/UI Design D\u00e9velopper Votre Varque avec des solutions design UX\/UI sur-mesure Notre \u00e9quipe d\u2019experts con\u00e7oit des solutions qui sont \u00e0 la fois styl\u00e9es et&hellip;<\/p>\n","protected":false},"author":1,"featured_media":0,"parent":0,"menu_order":0,"comment_status":"closed","ping_status":"closed","template":"","meta":{"footnotes":""},"class_list":["post-25835","page","type-page","status-publish","hentry"],"_links":{"self":[{"href":"https:\/\/www.soasy.fr\/fr\/wp-json\/wp\/v2\/pages\/25835","targetHints":{"allow":["GET"]}}],"collection":[{"href":"https:\/\/www.soasy.fr\/fr\/wp-json\/wp\/v2\/pages"}],"about":[{"href":"https:\/\/www.soasy.fr\/fr\/wp-json\/wp\/v2\/types\/page"}],"author":[{"embeddable":true,"href":"https:\/\/www.soasy.fr\/fr\/wp-json\/wp\/v2\/users\/1"}],"replies":[{"embeddable":true,"href":"https:\/\/www.soasy.fr\/fr\/wp-json\/wp\/v2\/comments?post=25835"}],"version-history":[{"count":0,"href":"https:\/\/www.soasy.fr\/fr\/wp-json\/wp\/v2\/pages\/25835\/revisions"}],"wp:attachment":[{"href":"https:\/\/www.soasy.fr\/fr\/wp-json\/wp\/v2\/media?parent=25835"}],"curies":[{"name":"wp","href":"https:\/\/api.w.org\/{rel}","templated":true}]}}