{"id":25833,"date":"2024-09-19T11:04:42","date_gmt":"2024-09-19T10:04:42","guid":{"rendered":"https:\/\/www.soasy.fr\/clickandbuilds\/SOASY\/ingenierie-des-donnees\/"},"modified":"2024-09-30T14:02:42","modified_gmt":"2024-09-30T13:02:42","slug":"ingenierie-des-donnees","status":"publish","type":"page","link":"https:\/\/www.soasy.fr\/fr\/ingenierie-des-donnees\/","title":{"rendered":"Ing\u00e9nierie des donn\u00e9es"},"content":{"rendered":"\t\t<div data-elementor-type=\"wp-page\" data-elementor-id=\"25833\" class=\"elementor elementor-25833 elementor-23079\">\n\t\t\t\t\t\t<section class=\"elementor-section elementor-top-section elementor-element elementor-element-2c863b65 elementor-section-boxed elementor-section-height-default elementor-section-height-default sc_fly_static\" data-id=\"2c863b65\" data-element_type=\"section\">\n\t\t\t\t\t\t<div class=\"elementor-container elementor-column-gap-extended\">\n\t\t\t\t\t<div class=\"elementor-column elementor-col-100 elementor-top-column elementor-element elementor-element-6f7282b8 sc_inner_width_none sc_content_align_inherit sc_layouts_column_icons_position_left sc_fly_static\" data-id=\"6f7282b8\" data-element_type=\"column\">\n\t\t\t<div class=\"elementor-widget-wrap elementor-element-populated\">\n\t\t\t\t\t\t<div class=\"elementor-element elementor-element-757e267b sc_fly_static elementor-widget elementor-widget-text-editor\" data-id=\"757e267b\" data-element_type=\"widget\" data-widget_type=\"text-editor.default\">\n\t\t\t\t<div class=\"elementor-widget-container\">\n\t\t\t<style>\/*! elementor - v3.23.0 - 05-08-2024 *\/\n.elementor-widget-text-editor.elementor-drop-cap-view-stacked .elementor-drop-cap{background-color:#69727d;color:#fff}.elementor-widget-text-editor.elementor-drop-cap-view-framed .elementor-drop-cap{color:#69727d;border:3px solid;background-color:transparent}.elementor-widget-text-editor:not(.elementor-drop-cap-view-default) .elementor-drop-cap{margin-top:8px}.elementor-widget-text-editor:not(.elementor-drop-cap-view-default) .elementor-drop-cap-letter{width:1em;height:1em}.elementor-widget-text-editor .elementor-drop-cap{float:left;text-align:center;line-height:1;font-size:50px}.elementor-widget-text-editor .elementor-drop-cap-letter{display:inline-block}<\/style>\t\t\t\t<h2><strong>Lib\u00e9rer la puissance des donn\u00e9es et de l\u2019IA avec nos services&nbsp; d&rsquo;int\u00e9gration des donn\u00e9es<\/strong><\/h2>\n<h3><strong>Transformer des donn\u00e9es brutes en informations exploitables.<\/strong><\/h3>\n<p>Bienvenu chez SOASY, l\u2019entreprise qui combine la puissance de l\u2019ing\u00e9nierie des donn\u00e9es avec l\u2019innovation de l\u2019Intelligence Artificielle (IA) pour transformer vos donn\u00e9es en informations exploitables.<\/p>\n<p>En introduisant des pratiques de pointe en ing\u00e9nierie des donn\u00e9es gr\u00e2ce \u00e0 la puissance de l\u2019IA, nous donnons aux entreprises les moyens de prendre les bonnes d\u00e9cisions qui engendrent des avantages comparatifs et assurent le succ\u00e9s.<\/p>\n<p>Nos services de traitement des donn\u00e9es couvrent la totalit\u00e9 du cycle de vie de ces donn\u00e9es, de la collecte au stockage, en passant par le traitement et l&rsquo;analyse. Nous sommes sp\u00e9cialistes dans la conception de robustes pipelines de donn\u00e9es qui permettent d\u2019extraire, transformer, et t\u00e9l\u00e9charger (ETL) des donn\u00e9es depuis diverses sources et les centraliser dans un seul syst\u00e8me.<\/p>\n<p>Avec les technologies les plus avanc\u00e9es, nous cr\u00e9ons des solutions scalables et personnalis\u00e9es adapt\u00e9es aux besoins de votre entreprise, en s\u2019assurant que vos donn\u00e9es s\u2019ins\u00e8rent fluidement dans des environnements analytiques. Cette infrastructure robuste, permet non seulement de consolider la clart\u00e9 de vos informations, mais aussi les pr\u00e9parent pour l\u2019impl\u00e9mentation dans des algorithmes de l\u2019IA capables de mettre en \u00e9vidence des exploitations plus avanc\u00e9es.<\/p>\n<h3><strong>Int\u00e9gration de l\u2019IA pour une meilleure prise de d\u00e9cision <\/strong><\/h3>\n<p>L\u2019int\u00e9gration de l\u2019IA dans nos services de traitement des donn\u00e9es propulse vos capacit\u00e9s \u00e0 des niveaux bien sup\u00e9rieurs. Notre \u00e9quipe est sp\u00e9cialis\u00e9e dans l\u2019int\u00e9gration des mod\u00e8les de Machine Learning et de l\u2019IA dans l\u2019architecture de vos donn\u00e9es, rendant ainsi possible les analyses pr\u00e9dictives qui peuvent pr\u00e9voir les tendances, les habitudes des clients et apporter l\u2019efficience op\u00e9rationnelle.<\/p>\n<h3>Collaborer avec nous pour r\u00e9ussir<\/h3>\n<p>Choisir SOASY comme partenaire, veut dire s\u2019appuyer sur un alli\u00e9 engag\u00e9 au service de la r\u00e9ussite de votre entreprise. Notre \u00e9quipe est passionn\u00e9e par la recherche et l\u2019innovation, et s\u2019emploie pour \u00eatre toujours \u00e0 la pointe des nouvelles technologies et des meilleures pratiques. Nous prenons le temps n\u00e9cessaire pour comprendre vos objectifs et organiser nos services de traitement des donn\u00e9es int\u00e9gr\u00e9es et de l\u2019IA en fonction, dans le cadre de votre strat\u00e9gie globale.<\/p>\t\t\t\t\t\t<\/div>\n\t\t\t\t<\/div>\n\t\t\t\t\t<\/div>\n\t\t<\/div>\n\t\t\t\t\t<\/div>\n\t\t<\/section>\n\t\t\t\t<\/div>\n\t\t","protected":false},"excerpt":{"rendered":"<p>Lib\u00e9rer la puissance des donn\u00e9es et de l\u2019IA avec nos services&nbsp; d&rsquo;int\u00e9gration des donn\u00e9es Transformer des donn\u00e9es brutes en informations exploitables. Bienvenu chez SOASY, l\u2019entreprise qui combine la puissance de&hellip;<\/p>\n","protected":false},"author":1,"featured_media":0,"parent":0,"menu_order":0,"comment_status":"closed","ping_status":"closed","template":"","meta":{"footnotes":""},"class_list":["post-25833","page","type-page","status-publish","hentry"],"_links":{"self":[{"href":"https:\/\/www.soasy.fr\/fr\/wp-json\/wp\/v2\/pages\/25833","targetHints":{"allow":["GET"]}}],"collection":[{"href":"https:\/\/www.soasy.fr\/fr\/wp-json\/wp\/v2\/pages"}],"about":[{"href":"https:\/\/www.soasy.fr\/fr\/wp-json\/wp\/v2\/types\/page"}],"author":[{"embeddable":true,"href":"https:\/\/www.soasy.fr\/fr\/wp-json\/wp\/v2\/users\/1"}],"replies":[{"embeddable":true,"href":"https:\/\/www.soasy.fr\/fr\/wp-json\/wp\/v2\/comments?post=25833"}],"version-history":[{"count":0,"href":"https:\/\/www.soasy.fr\/fr\/wp-json\/wp\/v2\/pages\/25833\/revisions"}],"wp:attachment":[{"href":"https:\/\/www.soasy.fr\/fr\/wp-json\/wp\/v2\/media?parent=25833"}],"curies":[{"name":"wp","href":"https:\/\/api.w.org\/{rel}","templated":true}]}}